{"id":1575,"date":"2023-07-03T07:39:02","date_gmt":"2023-07-03T07:39:02","guid":{"rendered":"https:\/\/en.mca-okna.si\/?page_id=1575"},"modified":"2023-07-28T09:59:02","modified_gmt":"2023-07-28T09:59:02","slug":"impressum","status":"publish","type":"page","link":"https:\/\/en.mca-okna.si\/de\/impressum\/","title":{"rendered":"Impressum"},"content":{"rendered":"<div data-elementor-type=\"wp-page\" data-elementor-id=\"1575\" class=\"elementor elementor-1575\">\n\t\t\t\t\t\t\t\t\t<section class=\"elementor-section elementor-top-section elementor-element elementor-element-bcc74e9 elementor-section-boxed elementor-section-height-default elementor-section-height-default\" data-id=\"bcc74e9\" data-element_type=\"section\">\n\t\t\t\t\t\t<div class=\"elementor-container elementor-column-gap-default\">\n\t\t\t\t\t<div class=\"elementor-column elementor-col-100 elementor-top-column elementor-element elementor-element-14ef9a0\" data-id=\"14ef9a0\" data-element_type=\"column\">\n\t\t\t<div class=\"elementor-widget-wrap elementor-element-populated\">\n\t\t\t\t\t\t\t\t<div class=\"elementor-element elementor-element-6f9a6f1 elementor-widget elementor-widget-heading\" data-id=\"6f9a6f1\" data-element_type=\"widget\" data-widget_type=\"heading.default\">\n\t\t\t\t<div class=\"elementor-widget-container\">\n\t\t\t<style>\/*! elementor - v3.14.0 - 26-06-2023 *\/\n.elementor-heading-title{padding:0;margin:0;line-height:1}.elementor-widget-heading .elementor-heading-title[class*=elementor-size-]>a{color:inherit;font-size:inherit;line-height:inherit}.elementor-widget-heading .elementor-heading-title.elementor-size-small{font-size:15px}.elementor-widget-heading .elementor-heading-title.elementor-size-medium{font-size:19px}.elementor-widget-heading .elementor-heading-title.elementor-size-large{font-size:29px}.elementor-widget-heading .elementor-heading-title.elementor-size-xl{font-size:39px}.elementor-widget-heading .elementor-heading-title.elementor-size-xxl{font-size:59px}<\/style><h2 class=\"elementor-heading-title elementor-size-default\">IMPRESSUM<\/h2>\t\t<\/div>\n\t\t\t\t<\/div>\n\t\t\t\t\t<\/div>\n\t\t<\/div>\n\t\t\t\t\t\t\t<\/div>\n\t\t<\/section>\n\t\t\t\t<section class=\"elementor-section elementor-top-section elementor-element elementor-element-9c25de1 elementor-section-boxed elementor-section-height-default elementor-section-height-default\" data-id=\"9c25de1\" data-element_type=\"section\">\n\t\t\t\t\t\t<div class=\"elementor-container elementor-column-gap-default\">\n\t\t\t\t\t<div class=\"elementor-column elementor-col-100 elementor-top-column elementor-element elementor-element-9c61e3a\" data-id=\"9c61e3a\" data-element_type=\"column\">\n\t\t\t<div class=\"elementor-widget-wrap elementor-element-populated\">\n\t\t\t\t\t\t\t\t<div class=\"elementor-element elementor-element-ffb9fa6 elementor-widget-divider--view-line elementor-widget elementor-widget-divider\" data-id=\"ffb9fa6\" data-element_type=\"widget\" data-widget_type=\"divider.default\">\n\t\t\t\t<div class=\"elementor-widget-container\">\n\t\t\t<style>\/*! elementor - v3.14.0 - 26-06-2023 *\/\n.elementor-widget-divider{--divider-border-style:none;--divider-border-width:1px;--divider-color:#0c0d0e;--divider-icon-size:20px;--divider-element-spacing:10px;--divider-pattern-height:24px;--divider-pattern-size:20px;--divider-pattern-url:none;--divider-pattern-repeat:repeat-x}.elementor-widget-divider .elementor-divider{display:flex}.elementor-widget-divider .elementor-divider__text{font-size:15px;line-height:1;max-width:95%}.elementor-widget-divider .elementor-divider__element{margin:0 var(--divider-element-spacing);flex-shrink:0}.elementor-widget-divider .elementor-icon{font-size:var(--divider-icon-size)}.elementor-widget-divider .elementor-divider-separator{display:flex;margin:0;direction:ltr}.elementor-widget-divider--view-line_icon .elementor-divider-separator,.elementor-widget-divider--view-line_text .elementor-divider-separator{align-items:center}.elementor-widget-divider--view-line_icon .elementor-divider-separator:after,.elementor-widget-divider--view-line_icon .elementor-divider-separator:before,.elementor-widget-divider--view-line_text .elementor-divider-separator:after,.elementor-widget-divider--view-line_text .elementor-divider-separator:before{display:block;content:\"\";border-bottom:0;flex-grow:1;border-top:var(--divider-border-width) var(--divider-border-style) var(--divider-color)}.elementor-widget-divider--element-align-left .elementor-divider .elementor-divider-separator>.elementor-divider__svg:first-of-type{flex-grow:0;flex-shrink:100}.elementor-widget-divider--element-align-left .elementor-divider-separator:before{content:none}.elementor-widget-divider--element-align-left .elementor-divider__element{margin-left:0}.elementor-widget-divider--element-align-right .elementor-divider .elementor-divider-separator>.elementor-divider__svg:last-of-type{flex-grow:0;flex-shrink:100}.elementor-widget-divider--element-align-right .elementor-divider-separator:after{content:none}.elementor-widget-divider--element-align-right .elementor-divider__element{margin-right:0}.elementor-widget-divider:not(.elementor-widget-divider--view-line_text):not(.elementor-widget-divider--view-line_icon) .elementor-divider-separator{border-top:var(--divider-border-width) var(--divider-border-style) var(--divider-color)}.elementor-widget-divider--separator-type-pattern{--divider-border-style:none}.elementor-widget-divider--separator-type-pattern.elementor-widget-divider--view-line .elementor-divider-separator,.elementor-widget-divider--separator-type-pattern:not(.elementor-widget-divider--view-line) .elementor-divider-separator:after,.elementor-widget-divider--separator-type-pattern:not(.elementor-widget-divider--view-line) .elementor-divider-separator:before,.elementor-widget-divider--separator-type-pattern:not([class*=elementor-widget-divider--view]) .elementor-divider-separator{width:100%;min-height:var(--divider-pattern-height);-webkit-mask-size:var(--divider-pattern-size) 100%;mask-size:var(--divider-pattern-size) 100%;-webkit-mask-repeat:var(--divider-pattern-repeat);mask-repeat:var(--divider-pattern-repeat);background-color:var(--divider-color);-webkit-mask-image:var(--divider-pattern-url);mask-image:var(--divider-pattern-url)}.elementor-widget-divider--no-spacing{--divider-pattern-size:auto}.elementor-widget-divider--bg-round{--divider-pattern-repeat:round}.rtl .elementor-widget-divider .elementor-divider__text{direction:rtl}.e-con-inner>.elementor-widget-divider,.e-con>.elementor-widget-divider{width:var(--container-widget-width,100%);--flex-grow:var(--container-widget-flex-grow)}<\/style>\t\t<div class=\"elementor-divider\">\n\t\t\t<span class=\"elementor-divider-separator\">\n\t\t\t\t\t\t<\/span>\n\t\t<\/div>\n\t\t\t\t<\/div>\n\t\t\t\t<\/div>\n\t\t\t\t<div class=\"elementor-element elementor-element-5f7865b elementor-widget elementor-widget-text-editor\" data-id=\"5f7865b\" data-element_type=\"widget\" data-widget_type=\"text-editor.default\">\n\t\t\t\t<div class=\"elementor-widget-container\">\n\t\t\t<style>\/*! elementor - v3.14.0 - 26-06-2023 *\/\n.elementor-widget-text-editor.elementor-drop-cap-view-stacked .elementor-drop-cap{background-color:#69727d;color:#fff}.elementor-widget-text-editor.elementor-drop-cap-view-framed .elementor-drop-cap{color:#69727d;border:3px solid;background-color:transparent}.elementor-widget-text-editor:not(.elementor-drop-cap-view-default) .elementor-drop-cap{margin-top:8px}.elementor-widget-text-editor:not(.elementor-drop-cap-view-default) .elementor-drop-cap-letter{width:1em;height:1em}.elementor-widget-text-editor .elementor-drop-cap{float:left;text-align:center;line-height:1;font-size:50px}.elementor-widget-text-editor .elementor-drop-cap-letter{display:inline-block}<\/style>\t\t\t\t<p>Impressum<br \/>Redaktion<\/p><p>Wir haben die Websites zusammen mit dem Webdienstleister selbst erstellt.<\/p><p>Der Zweck von Websites<\/p><p>Die Daten auf der Website haben Pr\u00e4sentationscharakter im Bereich der Grundt\u00e4tigkeit, f\u00fcr die wir registriert sind. Wir verpflichten uns, daf\u00fcr zu sorgen, dass die Informationen auf der Website wahr, zuverl\u00e4ssig und von guter Qualit\u00e4t sind.<\/p><p>Wir sind nicht verantwortlich f\u00fcr Druckfehler und behalten uns das Recht vor, den Inhalt jederzeit und ohne Vorank\u00fcndigung zu \u00e4ndern, wenn er nicht mit unserer Firmenpolitik \u00fcbereinstimmt.<\/p><p>Recht auf Nutzung<\/p><p>Die Website und ihr gesamter Inhalt sind durch gewerbliche und geistige Eigentumsrechte gesch\u00fctzt. Alle Informationen, Texte, Bilder oder andere grafische Elemente, die sich auf dieser Website befinden, d\u00fcrfen ausschlie\u00dflich f\u00fcr Ihren pers\u00f6nlichen, nichtkommerziellen Gebrauch verwendet werden und d\u00fcrfen ohne vorherige schriftliche Genehmigung des Verwalters weder ganz noch teilweise vervielf\u00e4ltigt, ge\u00e4ndert, verteilt, lizenziert oder in Form von Ver\u00f6ffentlichungen zu einem anderen Zweck als der Betrachtung ver\u00f6ffentlicht werden.<\/p><p>Verantwortung \u00fcbernehmen<\/p><p>Bei der Gestaltung einer Website sind wir um die Aktualit\u00e4t und Richtigkeit der Daten bem\u00fcht. Wir \u00fcbernehmen jedoch keine Gew\u00e4hr f\u00fcr deren Richtigkeit und Vollst\u00e4ndigkeit und lehnen jede Verantwortung ab, die sich aus deren Nutzung ergibt. Alle Nutzer verwenden die ver\u00f6ffentlichten Inhalte auf eigenes Risiko.<\/p><p>Wir behalten uns das Recht vor, den Inhalt unserer Websites jederzeit, auf jede Weise, aus jedem Grund und ohne vorherige Ank\u00fcndigung zu \u00e4ndern.<\/p><p>Technologische Umsetzung<\/p><p>Die technische Umsetzung wurde von der Firma Marcelino doo in Zusammenarbeit mit unserem Unternehmen durchgef\u00fchrt.<\/p><p>Name des Unternehmens<br \/>MCA IN\u017dENIRING, MATJA\u017d \u010cERNO\u0160A, s.p.<\/p><p>Adresse<br \/>Lahovna 10a , 3000 , Celje, Slovenija<\/p><p>E-Mail: mca@t-1.si<br \/>Website: https:\/\/en.mca-okna.si\/<\/p><p>B\u00fcro: Slovenija<\/p>\t\t\t\t\t\t<\/div>\n\t\t\t\t<\/div>\n\t\t\t\t\t<\/div>\n\t\t<\/div>\n\t\t\t\t\t\t\t<\/div>\n\t\t<\/section>\n\t\t\t\t\t\t\t<\/div>","protected":false},"excerpt":{"rendered":"<p>IMPRESSUM Impressum Editorial We prepared the websites ourselves together with the web service provider. The purpose of websites The data on the website are of a presentational nature in the field of the basic activity for which we are registered. We are committed to ensuring that the information on the website is true, reliable and [&hellip;]<\/p>","protected":false},"author":5,"featured_media":0,"parent":0,"menu_order":0,"comment_status":"closed","ping_status":"closed","template":"","meta":{"_seopress_robots_primary_cat":""},"_links":{"self":[{"href":"https:\/\/en.mca-okna.si\/de\/wp-json\/wp\/v2\/pages\/1575"}],"collection":[{"href":"https:\/\/en.mca-okna.si\/de\/wp-json\/wp\/v2\/pages"}],"about":[{"href":"https:\/\/en.mca-okna.si\/de\/wp-json\/wp\/v2\/types\/page"}],"author":[{"embeddable":true,"href":"https:\/\/en.mca-okna.si\/de\/wp-json\/wp\/v2\/users\/5"}],"replies":[{"embeddable":true,"href":"https:\/\/en.mca-okna.si\/de\/wp-json\/wp\/v2\/comments?post=1575"}],"version-history":[{"count":20,"href":"https:\/\/en.mca-okna.si\/de\/wp-json\/wp\/v2\/pages\/1575\/revisions"}],"predecessor-version":[{"id":2032,"href":"https:\/\/en.mca-okna.si\/de\/wp-json\/wp\/v2\/pages\/1575\/revisions\/2032"}],"wp:attachment":[{"href":"https:\/\/en.mca-okna.si\/de\/wp-json\/wp\/v2\/media?parent=1575"}],"curies":[{"name":"wp","href":"https:\/\/api.w.org\/{rel}","templated":true}]}}