{"id":1575,"date":"2023-07-03T07:39:02","date_gmt":"2023-07-03T07:39:02","guid":{"rendered":"https:\/\/en.mca-okna.si\/?page_id=1575"},"modified":"2023-07-28T09:59:02","modified_gmt":"2023-07-28T09:59:02","slug":"impressum","status":"publish","type":"page","link":"https:\/\/en.mca-okna.si\/es\/impressum\/","title":{"rendered":"Impresionante"},"content":{"rendered":"<div data-elementor-type=\"wp-page\" data-elementor-id=\"1575\" class=\"elementor elementor-1575\">\n\t\t\t\t\t\t\t\t\t<section class=\"elementor-section elementor-top-section elementor-element elementor-element-bcc74e9 elementor-section-boxed elementor-section-height-default elementor-section-height-default\" data-id=\"bcc74e9\" data-element_type=\"section\">\n\t\t\t\t\t\t<div class=\"elementor-container elementor-column-gap-default\">\n\t\t\t\t\t<div class=\"elementor-column elementor-col-100 elementor-top-column elementor-element elementor-element-14ef9a0\" data-id=\"14ef9a0\" data-element_type=\"column\">\n\t\t\t<div class=\"elementor-widget-wrap elementor-element-populated\">\n\t\t\t\t\t\t\t\t<div class=\"elementor-element elementor-element-6f9a6f1 elementor-widget elementor-widget-heading\" data-id=\"6f9a6f1\" data-element_type=\"widget\" data-widget_type=\"heading.default\">\n\t\t\t\t<div class=\"elementor-widget-container\">\n\t\t\t<style>\/*! elementor - v3.14.0 - 26-06-2023 *\/\n.elementor-heading-title{padding:0;margin:0;line-height:1}.elementor-widget-heading .elementor-heading-title[class*=elementor-size-]>a{color:inherit;font-size:inherit;line-height:inherit}.elementor-widget-heading .elementor-heading-title.elementor-size-small{font-size:15px}.elementor-widget-heading .elementor-heading-title.elementor-size-medium{font-size:19px}.elementor-widget-heading .elementor-heading-title.elementor-size-large{font-size:29px}.elementor-widget-heading .elementor-heading-title.elementor-size-xl{font-size:39px}.elementor-widget-heading .elementor-heading-title.elementor-size-xxl{font-size:59px}<\/style><h2 class=\"elementor-heading-title elementor-size-default\">IMPRESSUM<\/h2>\t\t<\/div>\n\t\t\t\t<\/div>\n\t\t\t\t\t<\/div>\n\t\t<\/div>\n\t\t\t\t\t\t\t<\/div>\n\t\t<\/section>\n\t\t\t\t<section class=\"elementor-section elementor-top-section elementor-element elementor-element-9c25de1 elementor-section-boxed elementor-section-height-default elementor-section-height-default\" data-id=\"9c25de1\" data-element_type=\"section\">\n\t\t\t\t\t\t<div class=\"elementor-container elementor-column-gap-default\">\n\t\t\t\t\t<div class=\"elementor-column elementor-col-100 elementor-top-column elementor-element elementor-element-9c61e3a\" data-id=\"9c61e3a\" data-element_type=\"column\">\n\t\t\t<div class=\"elementor-widget-wrap elementor-element-populated\">\n\t\t\t\t\t\t\t\t<div class=\"elementor-element elementor-element-ffb9fa6 elementor-widget-divider--view-line elementor-widget elementor-widget-divider\" data-id=\"ffb9fa6\" data-element_type=\"widget\" data-widget_type=\"divider.default\">\n\t\t\t\t<div class=\"elementor-widget-container\">\n\t\t\t<style>\/*! elementor - v3.14.0 - 26-06-2023 *\/\n.elementor-widget-divider{--divider-border-style:none;--divider-border-width:1px;--divider-color:#0c0d0e;--divider-icon-size:20px;--divider-element-spacing:10px;--divider-pattern-height:24px;--divider-pattern-size:20px;--divider-pattern-url:none;--divider-pattern-repeat:repeat-x}.elementor-widget-divider .elementor-divider{display:flex}.elementor-widget-divider .elementor-divider__text{font-size:15px;line-height:1;max-width:95%}.elementor-widget-divider .elementor-divider__element{margin:0 var(--divider-element-spacing);flex-shrink:0}.elementor-widget-divider .elementor-icon{font-size:var(--divider-icon-size)}.elementor-widget-divider .elementor-divider-separator{display:flex;margin:0;direction:ltr}.elementor-widget-divider--view-line_icon .elementor-divider-separator,.elementor-widget-divider--view-line_text .elementor-divider-separator{align-items:center}.elementor-widget-divider--view-line_icon .elementor-divider-separator:after,.elementor-widget-divider--view-line_icon .elementor-divider-separator:before,.elementor-widget-divider--view-line_text .elementor-divider-separator:after,.elementor-widget-divider--view-line_text .elementor-divider-separator:before{display:block;content:\"\";border-bottom:0;flex-grow:1;border-top:var(--divider-border-width) var(--divider-border-style) var(--divider-color)}.elementor-widget-divider--element-align-left .elementor-divider .elementor-divider-separator>.elementor-divider__svg:first-of-type{flex-grow:0;flex-shrink:100}.elementor-widget-divider--element-align-left .elementor-divider-separator:before{content:none}.elementor-widget-divider--element-align-left .elementor-divider__element{margin-left:0}.elementor-widget-divider--element-align-right .elementor-divider .elementor-divider-separator>.elementor-divider__svg:last-of-type{flex-grow:0;flex-shrink:100}.elementor-widget-divider--element-align-right .elementor-divider-separator:after{content:none}.elementor-widget-divider--element-align-right .elementor-divider__element{margin-right:0}.elementor-widget-divider:not(.elementor-widget-divider--view-line_text):not(.elementor-widget-divider--view-line_icon) .elementor-divider-separator{border-top:var(--divider-border-width) var(--divider-border-style) var(--divider-color)}.elementor-widget-divider--separator-type-pattern{--divider-border-style:none}.elementor-widget-divider--separator-type-pattern.elementor-widget-divider--view-line .elementor-divider-separator,.elementor-widget-divider--separator-type-pattern:not(.elementor-widget-divider--view-line) .elementor-divider-separator:after,.elementor-widget-divider--separator-type-pattern:not(.elementor-widget-divider--view-line) .elementor-divider-separator:before,.elementor-widget-divider--separator-type-pattern:not([class*=elementor-widget-divider--view]) .elementor-divider-separator{width:100%;min-height:var(--divider-pattern-height);-webkit-mask-size:var(--divider-pattern-size) 100%;mask-size:var(--divider-pattern-size) 100%;-webkit-mask-repeat:var(--divider-pattern-repeat);mask-repeat:var(--divider-pattern-repeat);background-color:var(--divider-color);-webkit-mask-image:var(--divider-pattern-url);mask-image:var(--divider-pattern-url)}.elementor-widget-divider--no-spacing{--divider-pattern-size:auto}.elementor-widget-divider--bg-round{--divider-pattern-repeat:round}.rtl .elementor-widget-divider .elementor-divider__text{direction:rtl}.e-con-inner>.elementor-widget-divider,.e-con>.elementor-widget-divider{width:var(--container-widget-width,100%);--flex-grow:var(--container-widget-flex-grow)}<\/style>\t\t<div class=\"elementor-divider\">\n\t\t\t<span class=\"elementor-divider-separator\">\n\t\t\t\t\t\t<\/span>\n\t\t<\/div>\n\t\t\t\t<\/div>\n\t\t\t\t<\/div>\n\t\t\t\t<div class=\"elementor-element elementor-element-5f7865b elementor-widget elementor-widget-text-editor\" data-id=\"5f7865b\" data-element_type=\"widget\" data-widget_type=\"text-editor.default\">\n\t\t\t\t<div class=\"elementor-widget-container\">\n\t\t\t<style>\/*! elementor - v3.14.0 - 26-06-2023 *\/\n.elementor-widget-text-editor.elementor-drop-cap-view-stacked .elementor-drop-cap{background-color:#69727d;color:#fff}.elementor-widget-text-editor.elementor-drop-cap-view-framed .elementor-drop-cap{color:#69727d;border:3px solid;background-color:transparent}.elementor-widget-text-editor:not(.elementor-drop-cap-view-default) .elementor-drop-cap{margin-top:8px}.elementor-widget-text-editor:not(.elementor-drop-cap-view-default) .elementor-drop-cap-letter{width:1em;height:1em}.elementor-widget-text-editor .elementor-drop-cap{float:left;text-align:center;line-height:1;font-size:50px}.elementor-widget-text-editor .elementor-drop-cap-letter{display:inline-block}<\/style>\t\t\t\t<p>Impresionante<br \/>Editorial<\/p><p>Preparamos los sitios web nosotros mismos junto con el proveedor de servicios web.<\/p><p>El objetivo de los sitios web<\/p><p>Los datos del sitio web tienen car\u00e1cter de presentaci\u00f3n en el \u00e1mbito de la actividad b\u00e1sica para la que estamos registrados. Nos comprometemos a que la informaci\u00f3n del sitio web sea veraz, fiable y de calidad.<\/p><p>No nos hacemos responsables de los errores tipogr\u00e1ficos, nos reservamos el derecho de cambiar el contenido en cualquier momento y sin previo aviso, si no est\u00e1 de acuerdo con nuestra pol\u00edtica de empresa.<\/p><p>Derecho de uso<\/p><p>El Sitio Web y todo su contenido est\u00e1n protegidos por derechos de propiedad industrial e intelectual. Cualquier informaci\u00f3n, texto, im\u00e1genes u otros elementos gr\u00e1ficos que se encuentren en este sitio web pueden ser utilizados exclusivamente para su uso personal, no comercial, y no pueden, en su totalidad o en parte, ser reproducidos, modificados, distribuidos, licenciados o publicados en forma de publicaciones para cualquier otro prop\u00f3sito que no sea la visualizaci\u00f3n sin el permiso previo por escrito del Administrador.<\/p><p>Asumir la responsabilidad<\/p><p>Al dise\u00f1ar un sitio web, intentamos garantizar la actualizaci\u00f3n y exactitud de los datos. No garantizamos su exactitud e integridad y no asumimos ninguna responsabilidad derivada de su uso. Todos los usuarios utilizan los contenidos publicados por su cuenta y riesgo.<\/p><p>Nos reservamos el derecho a modificar el contenido de nuestros sitios web en cualquier momento, de cualquier forma, por cualquier motivo y sin previo aviso.<\/p><p>Aplicaci\u00f3n tecnol\u00f3gica<\/p><p>La implementaci\u00f3n tecnol\u00f3gica corri\u00f3 a cargo de la empresa Marcelino doo en colaboraci\u00f3n con nuestra empresa.<\/p><p>Nombre de la empresa<br \/>MCA IN\u017dENIRING, MATJA\u017d \u010cERNO\u0160A, s.p.<\/p><p>Direcci\u00f3n<br \/>Lahovna 10a , 3000 , Celje, Eslovenia<\/p><p>Correo electr\u00f3nico: mca@t-1.si<br \/>P\u00e1gina web: https:\/\/en.mca-okna.si\/<\/p><p>Oficina: Slovenija<\/p>\t\t\t\t\t\t<\/div>\n\t\t\t\t<\/div>\n\t\t\t\t\t<\/div>\n\t\t<\/div>\n\t\t\t\t\t\t\t<\/div>\n\t\t<\/section>\n\t\t\t\t\t\t\t<\/div>","protected":false},"excerpt":{"rendered":"<p>IMPRESSUM Impressum Editorial We prepared the websites ourselves together with the web service provider. The purpose of websites The data on the website are of a presentational nature in the field of the basic activity for which we are registered. We are committed to ensuring that the information on the website is true, reliable and [&hellip;]<\/p>","protected":false},"author":5,"featured_media":0,"parent":0,"menu_order":0,"comment_status":"closed","ping_status":"closed","template":"","meta":{"_seopress_robots_primary_cat":""},"_links":{"self":[{"href":"https:\/\/en.mca-okna.si\/es\/wp-json\/wp\/v2\/pages\/1575"}],"collection":[{"href":"https:\/\/en.mca-okna.si\/es\/wp-json\/wp\/v2\/pages"}],"about":[{"href":"https:\/\/en.mca-okna.si\/es\/wp-json\/wp\/v2\/types\/page"}],"author":[{"embeddable":true,"href":"https:\/\/en.mca-okna.si\/es\/wp-json\/wp\/v2\/users\/5"}],"replies":[{"embeddable":true,"href":"https:\/\/en.mca-okna.si\/es\/wp-json\/wp\/v2\/comments?post=1575"}],"version-history":[{"count":20,"href":"https:\/\/en.mca-okna.si\/es\/wp-json\/wp\/v2\/pages\/1575\/revisions"}],"predecessor-version":[{"id":2032,"href":"https:\/\/en.mca-okna.si\/es\/wp-json\/wp\/v2\/pages\/1575\/revisions\/2032"}],"wp:attachment":[{"href":"https:\/\/en.mca-okna.si\/es\/wp-json\/wp\/v2\/media?parent=1575"}],"curies":[{"name":"wp","href":"https:\/\/api.w.org\/{rel}","templated":true}]}}