{"id":1575,"date":"2023-07-03T07:39:02","date_gmt":"2023-07-03T07:39:02","guid":{"rendered":"https:\/\/en.mca-okna.si\/?page_id=1575"},"modified":"2023-07-28T09:59:02","modified_gmt":"2023-07-28T09:59:02","slug":"impressum","status":"publish","type":"page","link":"https:\/\/en.mca-okna.si\/fr\/impressum\/","title":{"rendered":"Impressum"},"content":{"rendered":"<div data-elementor-type=\"wp-page\" data-elementor-id=\"1575\" class=\"elementor elementor-1575\">\n\t\t\t\t\t\t\t\t\t<section class=\"elementor-section elementor-top-section elementor-element elementor-element-bcc74e9 elementor-section-boxed elementor-section-height-default elementor-section-height-default\" data-id=\"bcc74e9\" data-element_type=\"section\">\n\t\t\t\t\t\t<div class=\"elementor-container elementor-column-gap-default\">\n\t\t\t\t\t<div class=\"elementor-column elementor-col-100 elementor-top-column elementor-element elementor-element-14ef9a0\" data-id=\"14ef9a0\" data-element_type=\"column\">\n\t\t\t<div class=\"elementor-widget-wrap elementor-element-populated\">\n\t\t\t\t\t\t\t\t<div class=\"elementor-element elementor-element-6f9a6f1 elementor-widget elementor-widget-heading\" data-id=\"6f9a6f1\" data-element_type=\"widget\" data-widget_type=\"heading.default\">\n\t\t\t\t<div class=\"elementor-widget-container\">\n\t\t\t<style>\/*! elementor - v3.14.0 - 26-06-2023 *\/\n.elementor-heading-title{padding:0;margin:0;line-height:1}.elementor-widget-heading .elementor-heading-title[class*=elementor-size-]>a{color:inherit;font-size:inherit;line-height:inherit}.elementor-widget-heading .elementor-heading-title.elementor-size-small{font-size:15px}.elementor-widget-heading .elementor-heading-title.elementor-size-medium{font-size:19px}.elementor-widget-heading .elementor-heading-title.elementor-size-large{font-size:29px}.elementor-widget-heading .elementor-heading-title.elementor-size-xl{font-size:39px}.elementor-widget-heading .elementor-heading-title.elementor-size-xxl{font-size:59px}<\/style><h2 class=\"elementor-heading-title elementor-size-default\">IMPRESSUM<\/h2>\t\t<\/div>\n\t\t\t\t<\/div>\n\t\t\t\t\t<\/div>\n\t\t<\/div>\n\t\t\t\t\t\t\t<\/div>\n\t\t<\/section>\n\t\t\t\t<section class=\"elementor-section elementor-top-section elementor-element elementor-element-9c25de1 elementor-section-boxed elementor-section-height-default elementor-section-height-default\" data-id=\"9c25de1\" data-element_type=\"section\">\n\t\t\t\t\t\t<div class=\"elementor-container elementor-column-gap-default\">\n\t\t\t\t\t<div class=\"elementor-column elementor-col-100 elementor-top-column elementor-element elementor-element-9c61e3a\" data-id=\"9c61e3a\" data-element_type=\"column\">\n\t\t\t<div class=\"elementor-widget-wrap elementor-element-populated\">\n\t\t\t\t\t\t\t\t<div class=\"elementor-element elementor-element-ffb9fa6 elementor-widget-divider--view-line elementor-widget elementor-widget-divider\" data-id=\"ffb9fa6\" data-element_type=\"widget\" data-widget_type=\"divider.default\">\n\t\t\t\t<div class=\"elementor-widget-container\">\n\t\t\t<style>\/*! elementor - v3.14.0 - 26-06-2023 *\/\n.elementor-widget-divider{--divider-border-style:none;--divider-border-width:1px;--divider-color:#0c0d0e;--divider-icon-size:20px;--divider-element-spacing:10px;--divider-pattern-height:24px;--divider-pattern-size:20px;--divider-pattern-url:none;--divider-pattern-repeat:repeat-x}.elementor-widget-divider .elementor-divider{display:flex}.elementor-widget-divider .elementor-divider__text{font-size:15px;line-height:1;max-width:95%}.elementor-widget-divider .elementor-divider__element{margin:0 var(--divider-element-spacing);flex-shrink:0}.elementor-widget-divider .elementor-icon{font-size:var(--divider-icon-size)}.elementor-widget-divider .elementor-divider-separator{display:flex;margin:0;direction:ltr}.elementor-widget-divider--view-line_icon .elementor-divider-separator,.elementor-widget-divider--view-line_text .elementor-divider-separator{align-items:center}.elementor-widget-divider--view-line_icon .elementor-divider-separator:after,.elementor-widget-divider--view-line_icon .elementor-divider-separator:before,.elementor-widget-divider--view-line_text .elementor-divider-separator:after,.elementor-widget-divider--view-line_text .elementor-divider-separator:before{display:block;content:\"\";border-bottom:0;flex-grow:1;border-top:var(--divider-border-width) var(--divider-border-style) var(--divider-color)}.elementor-widget-divider--element-align-left .elementor-divider .elementor-divider-separator>.elementor-divider__svg:first-of-type{flex-grow:0;flex-shrink:100}.elementor-widget-divider--element-align-left .elementor-divider-separator:before{content:none}.elementor-widget-divider--element-align-left .elementor-divider__element{margin-left:0}.elementor-widget-divider--element-align-right .elementor-divider .elementor-divider-separator>.elementor-divider__svg:last-of-type{flex-grow:0;flex-shrink:100}.elementor-widget-divider--element-align-right .elementor-divider-separator:after{content:none}.elementor-widget-divider--element-align-right .elementor-divider__element{margin-right:0}.elementor-widget-divider:not(.elementor-widget-divider--view-line_text):not(.elementor-widget-divider--view-line_icon) .elementor-divider-separator{border-top:var(--divider-border-width) var(--divider-border-style) var(--divider-color)}.elementor-widget-divider--separator-type-pattern{--divider-border-style:none}.elementor-widget-divider--separator-type-pattern.elementor-widget-divider--view-line .elementor-divider-separator,.elementor-widget-divider--separator-type-pattern:not(.elementor-widget-divider--view-line) .elementor-divider-separator:after,.elementor-widget-divider--separator-type-pattern:not(.elementor-widget-divider--view-line) .elementor-divider-separator:before,.elementor-widget-divider--separator-type-pattern:not([class*=elementor-widget-divider--view]) .elementor-divider-separator{width:100%;min-height:var(--divider-pattern-height);-webkit-mask-size:var(--divider-pattern-size) 100%;mask-size:var(--divider-pattern-size) 100%;-webkit-mask-repeat:var(--divider-pattern-repeat);mask-repeat:var(--divider-pattern-repeat);background-color:var(--divider-color);-webkit-mask-image:var(--divider-pattern-url);mask-image:var(--divider-pattern-url)}.elementor-widget-divider--no-spacing{--divider-pattern-size:auto}.elementor-widget-divider--bg-round{--divider-pattern-repeat:round}.rtl .elementor-widget-divider .elementor-divider__text{direction:rtl}.e-con-inner>.elementor-widget-divider,.e-con>.elementor-widget-divider{width:var(--container-widget-width,100%);--flex-grow:var(--container-widget-flex-grow)}<\/style>\t\t<div class=\"elementor-divider\">\n\t\t\t<span class=\"elementor-divider-separator\">\n\t\t\t\t\t\t<\/span>\n\t\t<\/div>\n\t\t\t\t<\/div>\n\t\t\t\t<\/div>\n\t\t\t\t<div class=\"elementor-element elementor-element-5f7865b elementor-widget elementor-widget-text-editor\" data-id=\"5f7865b\" data-element_type=\"widget\" data-widget_type=\"text-editor.default\">\n\t\t\t\t<div class=\"elementor-widget-container\">\n\t\t\t<style>\/*! elementor - v3.14.0 - 26-06-2023 *\/\n.elementor-widget-text-editor.elementor-drop-cap-view-stacked .elementor-drop-cap{background-color:#69727d;color:#fff}.elementor-widget-text-editor.elementor-drop-cap-view-framed .elementor-drop-cap{color:#69727d;border:3px solid;background-color:transparent}.elementor-widget-text-editor:not(.elementor-drop-cap-view-default) .elementor-drop-cap{margin-top:8px}.elementor-widget-text-editor:not(.elementor-drop-cap-view-default) .elementor-drop-cap-letter{width:1em;height:1em}.elementor-widget-text-editor .elementor-drop-cap{float:left;text-align:center;line-height:1;font-size:50px}.elementor-widget-text-editor .elementor-drop-cap-letter{display:inline-block}<\/style>\t\t\t\t<p>Impressum<br \/>\u00c9ditorial<\/p><p>Nous avons pr\u00e9par\u00e9 les sites web nous-m\u00eames en collaboration avec le fournisseur de services web.<\/p><p>L'objectif des sites web<\/p><p>Les donn\u00e9es figurant sur le site web ont un caract\u00e8re de pr\u00e9sentation dans le domaine de l'activit\u00e9 de base pour laquelle nous sommes enregistr\u00e9s. Nous nous engageons \u00e0 garantir la v\u00e9racit\u00e9, la fiabilit\u00e9 et la qualit\u00e9 des informations figurant sur le site web.<\/p><p>Nous ne sommes pas responsables des \u00e9ventuelles erreurs typographiques, nous nous r\u00e9servons le droit de modifier le contenu \u00e0 tout moment et sans pr\u00e9avis, s'il n'est pas conforme \u00e0 notre politique d'entreprise.<\/p><p>Droit d'utilisation<\/p><p>Le site web et tout son contenu sont prot\u00e9g\u00e9s par des droits de propri\u00e9t\u00e9 industrielle et intellectuelle. Toute information, texte, image ou autre \u00e9l\u00e9ment graphique trouv\u00e9 sur ce site web peut \u00eatre utilis\u00e9 exclusivement pour votre usage personnel et non commercial et ne peut, en tout ou en partie, \u00eatre reproduit, modifi\u00e9, distribu\u00e9, conc\u00e9d\u00e9 sous licence ou publi\u00e9 sous forme de publications \u00e0 des fins autres que la visualisation sans l'autorisation \u00e9crite pr\u00e9alable de l'Administrateur.<\/p><p>Prendre ses responsabilit\u00e9s<\/p><p>Lors de la conception d'un site web, nous nous effor\u00e7ons d'assurer l'actualit\u00e9 et l'exactitude des donn\u00e9es. Nous ne garantissons pas leur exactitude et leur exhaustivit\u00e9 et n'assumons aucune responsabilit\u00e9 li\u00e9e \u00e0 leur utilisation. Tous les utilisateurs se servent du contenu publi\u00e9 \u00e0 leurs propres risques.<\/p><p>Nous nous r\u00e9servons le droit de modifier le contenu de nos sites web \u00e0 tout moment, de quelque mani\u00e8re que ce soit, pour quelque raison que ce soit et sans pr\u00e9avis.<\/p><p>Mise en \u0153uvre technologique<\/p><p>La mise en \u0153uvre technologique a \u00e9t\u00e9 assur\u00e9e par la soci\u00e9t\u00e9 Marcelino doo en coop\u00e9ration avec notre soci\u00e9t\u00e9.<\/p><p>Nom de l'entreprise<br \/>MCA IN\u017dENIRING, MATJA\u017d \u010cERNO\u0160A, s.p.<\/p><p>Adresse<br \/>Lahovna 10a , 3000 , Celje, Slovenija<\/p><p>Courriel : mca@t-1.si<br \/>Site web : https:\/\/en.mca-okna.si\/<\/p><p>Bureau : Slovenija<\/p>\t\t\t\t\t\t<\/div>\n\t\t\t\t<\/div>\n\t\t\t\t\t<\/div>\n\t\t<\/div>\n\t\t\t\t\t\t\t<\/div>\n\t\t<\/section>\n\t\t\t\t\t\t\t<\/div>","protected":false},"excerpt":{"rendered":"<p>IMPRESSUM Impressum Editorial We prepared the websites ourselves together with the web service provider. The purpose of websites The data on the website are of a presentational nature in the field of the basic activity for which we are registered. We are committed to ensuring that the information on the website is true, reliable and [&hellip;]<\/p>","protected":false},"author":5,"featured_media":0,"parent":0,"menu_order":0,"comment_status":"closed","ping_status":"closed","template":"","meta":{"_seopress_robots_primary_cat":""},"_links":{"self":[{"href":"https:\/\/en.mca-okna.si\/fr\/wp-json\/wp\/v2\/pages\/1575"}],"collection":[{"href":"https:\/\/en.mca-okna.si\/fr\/wp-json\/wp\/v2\/pages"}],"about":[{"href":"https:\/\/en.mca-okna.si\/fr\/wp-json\/wp\/v2\/types\/page"}],"author":[{"embeddable":true,"href":"https:\/\/en.mca-okna.si\/fr\/wp-json\/wp\/v2\/users\/5"}],"replies":[{"embeddable":true,"href":"https:\/\/en.mca-okna.si\/fr\/wp-json\/wp\/v2\/comments?post=1575"}],"version-history":[{"count":20,"href":"https:\/\/en.mca-okna.si\/fr\/wp-json\/wp\/v2\/pages\/1575\/revisions"}],"predecessor-version":[{"id":2032,"href":"https:\/\/en.mca-okna.si\/fr\/wp-json\/wp\/v2\/pages\/1575\/revisions\/2032"}],"wp:attachment":[{"href":"https:\/\/en.mca-okna.si\/fr\/wp-json\/wp\/v2\/media?parent=1575"}],"curies":[{"name":"wp","href":"https:\/\/api.w.org\/{rel}","templated":true}]}}