{"id":42,"date":"2021-01-23T12:21:14","date_gmt":"2021-01-23T12:21:14","guid":{"rendered":"https:\/\/wpastra.marcelino.ninja\/si\/?page_id=42"},"modified":"2023-07-28T10:00:37","modified_gmt":"2023-07-28T10:00:37","slug":"terms-and-conditions","status":"publish","type":"page","link":"https:\/\/en.mca-okna.si\/it\/terms-and-conditions\/","title":{"rendered":"Termini e condizioni"},"content":{"rendered":"<div data-elementor-type=\"wp-page\" data-elementor-id=\"42\" class=\"elementor elementor-42\">\n\t\t\t\t\t\t\t\t\t<section class=\"elementor-section elementor-top-section elementor-element elementor-element-c81b22b elementor-section-boxed elementor-section-height-default elementor-section-height-default\" data-id=\"c81b22b\" data-element_type=\"section\">\n\t\t\t\t\t\t<div class=\"elementor-container elementor-column-gap-default\">\n\t\t\t\t\t<div class=\"elementor-column elementor-col-100 elementor-top-column elementor-element elementor-element-76ab7ef\" data-id=\"76ab7ef\" data-element_type=\"column\">\n\t\t\t<div class=\"elementor-widget-wrap elementor-element-populated\">\n\t\t\t\t\t\t\t\t<div class=\"elementor-element elementor-element-4a08ad0 elementor-widget elementor-widget-heading\" data-id=\"4a08ad0\" data-element_type=\"widget\" data-widget_type=\"heading.default\">\n\t\t\t\t<div class=\"elementor-widget-container\">\n\t\t\t<style>\/*! elementor - v3.14.0 - 26-06-2023 *\/\n.elementor-heading-title{padding:0;margin:0;line-height:1}.elementor-widget-heading .elementor-heading-title[class*=elementor-size-]>a{color:inherit;font-size:inherit;line-height:inherit}.elementor-widget-heading .elementor-heading-title.elementor-size-small{font-size:15px}.elementor-widget-heading .elementor-heading-title.elementor-size-medium{font-size:19px}.elementor-widget-heading .elementor-heading-title.elementor-size-large{font-size:29px}.elementor-widget-heading .elementor-heading-title.elementor-size-xl{font-size:39px}.elementor-widget-heading .elementor-heading-title.elementor-size-xxl{font-size:59px}<\/style><h2 class=\"elementor-heading-title elementor-size-default\">Termini e condizioni<\/h2>\t\t<\/div>\n\t\t\t\t<\/div>\n\t\t\t\t\t<\/div>\n\t\t<\/div>\n\t\t\t\t\t\t\t<\/div>\n\t\t<\/section>\n\t\t\t\t<section class=\"elementor-section elementor-top-section elementor-element elementor-element-43328cf elementor-section-boxed elementor-section-height-default elementor-section-height-default\" data-id=\"43328cf\" data-element_type=\"section\">\n\t\t\t\t\t\t<div class=\"elementor-container elementor-column-gap-default\">\n\t\t\t\t\t<div class=\"elementor-column elementor-col-100 elementor-top-column elementor-element elementor-element-5c6734f\" data-id=\"5c6734f\" data-element_type=\"column\">\n\t\t\t<div class=\"elementor-widget-wrap elementor-element-populated\">\n\t\t\t\t\t\t\t\t<div class=\"elementor-element elementor-element-5e65cc1 elementor-widget-divider--view-line elementor-widget elementor-widget-divider\" data-id=\"5e65cc1\" data-element_type=\"widget\" data-widget_type=\"divider.default\">\n\t\t\t\t<div class=\"elementor-widget-container\">\n\t\t\t<style>\/*! elementor - v3.14.0 - 26-06-2023 *\/\n.elementor-widget-divider{--divider-border-style:none;--divider-border-width:1px;--divider-color:#0c0d0e;--divider-icon-size:20px;--divider-element-spacing:10px;--divider-pattern-height:24px;--divider-pattern-size:20px;--divider-pattern-url:none;--divider-pattern-repeat:repeat-x}.elementor-widget-divider .elementor-divider{display:flex}.elementor-widget-divider .elementor-divider__text{font-size:15px;line-height:1;max-width:95%}.elementor-widget-divider .elementor-divider__element{margin:0 var(--divider-element-spacing);flex-shrink:0}.elementor-widget-divider .elementor-icon{font-size:var(--divider-icon-size)}.elementor-widget-divider .elementor-divider-separator{display:flex;margin:0;direction:ltr}.elementor-widget-divider--view-line_icon .elementor-divider-separator,.elementor-widget-divider--view-line_text .elementor-divider-separator{align-items:center}.elementor-widget-divider--view-line_icon .elementor-divider-separator:after,.elementor-widget-divider--view-line_icon .elementor-divider-separator:before,.elementor-widget-divider--view-line_text .elementor-divider-separator:after,.elementor-widget-divider--view-line_text .elementor-divider-separator:before{display:block;content:\"\";border-bottom:0;flex-grow:1;border-top:var(--divider-border-width) var(--divider-border-style) var(--divider-color)}.elementor-widget-divider--element-align-left .elementor-divider .elementor-divider-separator>.elementor-divider__svg:first-of-type{flex-grow:0;flex-shrink:100}.elementor-widget-divider--element-align-left .elementor-divider-separator:before{content:none}.elementor-widget-divider--element-align-left .elementor-divider__element{margin-left:0}.elementor-widget-divider--element-align-right .elementor-divider .elementor-divider-separator>.elementor-divider__svg:last-of-type{flex-grow:0;flex-shrink:100}.elementor-widget-divider--element-align-right .elementor-divider-separator:after{content:none}.elementor-widget-divider--element-align-right .elementor-divider__element{margin-right:0}.elementor-widget-divider:not(.elementor-widget-divider--view-line_text):not(.elementor-widget-divider--view-line_icon) .elementor-divider-separator{border-top:var(--divider-border-width) var(--divider-border-style) var(--divider-color)}.elementor-widget-divider--separator-type-pattern{--divider-border-style:none}.elementor-widget-divider--separator-type-pattern.elementor-widget-divider--view-line .elementor-divider-separator,.elementor-widget-divider--separator-type-pattern:not(.elementor-widget-divider--view-line) .elementor-divider-separator:after,.elementor-widget-divider--separator-type-pattern:not(.elementor-widget-divider--view-line) .elementor-divider-separator:before,.elementor-widget-divider--separator-type-pattern:not([class*=elementor-widget-divider--view]) .elementor-divider-separator{width:100%;min-height:var(--divider-pattern-height);-webkit-mask-size:var(--divider-pattern-size) 100%;mask-size:var(--divider-pattern-size) 100%;-webkit-mask-repeat:var(--divider-pattern-repeat);mask-repeat:var(--divider-pattern-repeat);background-color:var(--divider-color);-webkit-mask-image:var(--divider-pattern-url);mask-image:var(--divider-pattern-url)}.elementor-widget-divider--no-spacing{--divider-pattern-size:auto}.elementor-widget-divider--bg-round{--divider-pattern-repeat:round}.rtl .elementor-widget-divider .elementor-divider__text{direction:rtl}.e-con-inner>.elementor-widget-divider,.e-con>.elementor-widget-divider{width:var(--container-widget-width,100%);--flex-grow:var(--container-widget-flex-grow)}<\/style>\t\t<div class=\"elementor-divider\">\n\t\t\t<span class=\"elementor-divider-separator\">\n\t\t\t\t\t\t<\/span>\n\t\t<\/div>\n\t\t\t\t<\/div>\n\t\t\t\t<\/div>\n\t\t\t\t<div class=\"elementor-element elementor-element-e5714e1 elementor-widget elementor-widget-text-editor\" data-id=\"e5714e1\" data-element_type=\"widget\" data-widget_type=\"text-editor.default\">\n\t\t\t\t<div class=\"elementor-widget-container\">\n\t\t\t<style>\/*! elementor - v3.14.0 - 26-06-2023 *\/\n.elementor-widget-text-editor.elementor-drop-cap-view-stacked .elementor-drop-cap{background-color:#69727d;color:#fff}.elementor-widget-text-editor.elementor-drop-cap-view-framed .elementor-drop-cap{color:#69727d;border:3px solid;background-color:transparent}.elementor-widget-text-editor:not(.elementor-drop-cap-view-default) .elementor-drop-cap{margin-top:8px}.elementor-widget-text-editor:not(.elementor-drop-cap-view-default) .elementor-drop-cap-letter{width:1em;height:1em}.elementor-widget-text-editor .elementor-drop-cap{float:left;text-align:center;line-height:1;font-size:50px}.elementor-widget-text-editor .elementor-drop-cap-letter{display:inline-block}<\/style>\t\t\t\t<p><strong>Benvenuti a <a href=\"https:\/\/en.mca-okna.si\/it\/\">https:\/\/en.mca-okna.si\/<\/a>!<\/strong><\/p><p>I presenti termini e condizioni illustrano le norme e i regolamenti per l'utilizzo di<br \/>MCA IN\u017dENIRING, MATJA\u017d \u010cERNO\u0160A, s.p..<\/p><p>Sito web, all'indirizzo <a href=\"https:\/\/en.mca-okna.si\/it\/\">https:\/\/en.mca-okna.si<\/a><span style=\"font-size: 22px;\">\/.<\/span><\/p><p>L'accesso a questo sito web presuppone l'accettazione di questi termini e condizioni. Non continuare a utilizzare <a href=\"https:\/\/en.mca-okna.si\/it\/\">https:\/\/en.mca-okna.si\/<\/a> se non si accettano tutti i termini e le condizioni indicati in questa pagina.<\/p><p>La seguente terminologia si applica ai presenti Termini e condizioni, alla Dichiarazione sulla privacy e all'Avviso di esclusione di responsabilit\u00e0 e a tutti gli accordi: \"Cliente\", \"Lei\" e \"Suo\" si riferiscono a Lei, la persona che accede a questo sito web e che accetta i termini e le condizioni della Societ\u00e0. \"La Societ\u00e0\", \"Noi\", \"Noi\", \"Nostro\" e \"Noi\", si riferisce alla nostra Societ\u00e0. \"Parte\", \"Parti\" o \"Noi\" si riferiscono sia al Cliente che a noi. Tutti i termini si riferiscono all'offerta, all'accettazione e al corrispettivo del pagamento necessario per intraprendere il processo di assistenza al Cliente nel modo pi\u00f9 appropriato allo scopo esplicito di soddisfare le esigenze del Cliente in relazione alla fornitura dei servizi dichiarati dalla Societ\u00e0, in conformit\u00e0 e nel rispetto della legge vigente in Slovenia. Qualsiasi uso della terminologia di cui sopra o di altre parole al singolare, al plurale, in maiuscolo e\/o lui\/lei o loro, sono considerati intercambiabili e quindi riferiti allo stesso.<\/p><p><strong>Biscotti<\/strong><\/p><p>Utilizziamo i cookie. Accedendo a\u00a0<a href=\"https:\/\/en.mca-okna.si\/it\/\"><span style=\"font-family: Amiri, sans-serif; font-size: 22px; font-style: normal; font-variant-ligatures: normal; font-variant-caps: normal; font-weight: 400;\">https:\/\/en.mca-okna.si\/<\/span><\/a><span style=\"font-family: Amiri, sans-serif; font-size: 22px; font-style: normal; font-variant-ligatures: normal; font-variant-caps: normal; font-weight: 400;\">\u00a0<\/span><span style=\"font-size: 22px;\">, avete acconsentito all'uso dei cookie in accordo con il<br \/>MCA IN\u017dENIRING, MATJA\u017d \u010cERNO\u0160A, s.p. Informativa sulla privacy.<\/span><\/p><p>La maggior parte dei siti web interattivi utilizza i cookie per recuperare i dati dell'utente ad ogni visita. I cookie vengono utilizzati dal nostro sito web per consentire la funzionalit\u00e0 di alcune aree, in modo da agevolare le persone che visitano il nostro sito. Anche alcuni dei nostri partner affiliati\/pubblicitari possono utilizzare i cookie.<\/p><p><strong>Licenza<\/strong><\/p><p>Se non diversamente indicato,<br \/>MCA IN\u017dENIRING, MATJA\u017d \u010cERNO\u0160A, s.p. e\/o i suoi licenziatari detengono i diritti di propriet\u00e0 intellettuale per tutto il materiale presente su <a href=\"https:\/\/en.mca-okna.si\/it\/\">https:\/\/en.mca-okna.si\/<\/a>. Tutti i diritti di propriet\u00e0 intellettuale sono riservati. \u00c8 possibile accedere a questo sito https:\/\/en.mca-okna.si\/. per uso personale, nel rispetto delle restrizioni stabilite in questi termini e condizioni.<\/p><p><strong>Non si deve:<\/strong><\/p><p>Ripubblicare materiale da https:\/\/en.mca-okna.si\/.<br \/>Vendere, affittare o concedere in sub-licenza materiale proveniente da <a href=\"https:\/\/en.mca-okna.si\/it\/\">https:\/\/en.mca-okna.si\/<\/a>.<br \/>Riprodurre, duplicare o copiare materiale da <a href=\"https:\/\/en.mca-okna.si\/it\/\">https:\/\/en.mca-okna.si\/<\/a>.<br \/>Ridistribuire i contenuti di <a href=\"https:\/\/en.mca-okna.si\/it\/\">https:\/\/en.mca-okna.si\/<\/a>.<\/p><p>Il presente Accordo decorre dalla data del presente documento.<\/p><p>Alcune parti di questo sito web offrono agli utenti la possibilit\u00e0 di pubblicare e scambiare opinioni e informazioni in determinate aree del sito.<br \/>MCA IN\u017dENIRING, MATJA\u017d \u010cERNO\u0160A, s.p. non filtra, modifica, pubblica o revisiona i Commenti prima della loro presenza sul sito web. I commenti non riflettono i punti di vista e le opinioni di<br \/>MCA IN\u017dENIRING, MATJA\u017d \u010cERNO\u0160A, s.p., i suoi agenti e\/o affiliati. I commenti riflettono i punti di vista e le opinioni della persona che li ha pubblicati. Nei limiti consentiti dalle leggi vigenti,<br \/>MCA IN\u017dENIRING, MATJA\u017d \u010cERNO\u0160A, s.p. non sar\u00e0 responsabile per i Commenti o per qualsiasi responsabilit\u00e0, danno o spesa causati e\/o subiti in seguito all'uso e\/o alla pubblicazione e\/o alla comparsa dei Commenti su questo sito web.<\/p><p>MCA IN\u017dENIRING, MATJA\u017d \u010cERNO\u0160A, s.p. si riserva il diritto di monitorare tutti i commenti e di rimuovere quelli che possono essere considerati inappropriati, offensivi o che violano i presenti Termini e condizioni.<\/p><p><strong>L'utente garantisce e dichiara che:<\/strong><\/p><p>Siete autorizzati a pubblicare i Commenti sul nostro sito web e disponete di tutte le licenze e i consensi necessari per farlo;<br \/>I Commenti non violano alcun diritto di propriet\u00e0 intellettuale, inclusi, a titolo esemplificativo, diritti d'autore, brevetti o marchi di terzi;<br \/>I Commenti non contengono materiale diffamatorio, calunnioso, offensivo, indecente o comunque illegale che costituisca una violazione della privacy.<br \/>I Commenti non saranno utilizzati per sollecitare o promuovere affari o consuetudini o presentare attivit\u00e0 commerciali o attivit\u00e0 illegali.<\/p><p>Con la presente si concede<br \/>MCA IN\u017dENIRING, MATJA\u017d \u010cERNO\u0160A, s.p. una licenza non esclusiva per utilizzare, riprodurre, modificare e autorizzare altri a utilizzare, riprodurre e modificare qualsiasi vostro commento in qualsiasi forma, formato o media.<\/p><p><strong>Collegamento ipertestuale ai nostri contenuti<\/strong><\/p><p>Le seguenti organizzazioni possono collegarsi al nostro sito web senza previa approvazione scritta:<\/p><p>Agenzie governative;<br \/>Motori di ricerca;<br \/>Organizzazioni giornalistiche;<br \/>I distributori di elenchi online possono collegarsi al nostro sito web nello stesso modo in cui si collegano ai siti web di altre aziende elencate; e<br \/>Le aziende accreditate a livello di sistema, ad eccezione delle organizzazioni no-profit, dei centri commerciali di beneficenza e dei gruppi di raccolta fondi di beneficenza che non possono collegarsi al nostro sito Web.<\/p><p>Queste organizzazioni possono inserire un link alla nostra home page, a pubblicazioni o ad altre informazioni del sito web, a condizione che il link: (a) non sia in alcun modo ingannevole; (b) non implichi falsamente la sponsorizzazione, l'avallo o l'approvazione del linkante e dei suoi prodotti e\/o servizi; e (c) si inserisca nel contesto del sito del linkante.<\/p><p>Possiamo prendere in considerazione e approvare altre richieste di link da parte dei seguenti tipi di organizzazioni:<\/p><p>fonti di informazione comunemente conosciute dai consumatori e\/o dalle imprese;<br \/>siti della comunit\u00e0;<br \/>associazioni o altri gruppi che rappresentano enti di beneficenza;<br \/>distributori di elenchi online;<br \/>portali internet;<br \/>societ\u00e0 di contabilit\u00e0, studi legali e di consulenza; e<br \/>istituzioni educative e associazioni di categoria.<\/p><p>Approveremo le richieste di link da parte di queste organizzazioni se decideremo che: (a) il link non ci faccia apparire in modo sfavorevole a noi stessi o alle nostre aziende accreditate; (b) l'organizzazione non abbia precedenti negativi con noi; (c) il beneficio per noi derivante dalla visibilit\u00e0 del collegamento ipertestuale compensi l'assenza di<br \/>MCA IN\u017dENIRING, MATJA\u017d \u010cERNO\u0160A, s.p.; e (d) il link \u00e8 nel contesto di informazioni generali sulle risorse.<\/p><p>Queste organizzazioni possono collegarsi alla nostra home page a condizione che il link: (a) non sia in alcun modo ingannevole; (b) non implichi falsamente la sponsorizzazione, l'avallo o l'approvazione del linkante e dei suoi prodotti o servizi; e (c) si inserisca nel contesto del sito del linkante.<\/p><p>Se siete una delle organizzazioni elencate nel precedente paragrafo 2 e siete interessati a collegarvi al nostro sito web, dovete informarci inviando un'e-mail a mca@t-1.si. Vi preghiamo di includere il vostro nome, il nome della vostra organizzazione, le informazioni di contatto e l'URL del vostro sito, un elenco di tutti gli URL da cui intendete collegarvi al nostro sito web e un elenco degli URL del nostro sito a cui vorreste collegarvi. Attendere 2-3 settimane per una risposta.<\/p><p>Le organizzazioni autorizzate possono collegarsi al nostro sito web come segue:<\/p><p>Utilizzando la nostra ragione sociale; o<br \/>Tramite l'uso del localizzatore uniforme di risorse a cui si \u00e8 collegati; oppure<br \/>Utilizzando qualsiasi altra descrizione del nostro sito web a cui si \u00e8 collegati che abbia senso nel contesto e nel formato del contenuto del sito della parte collegata.<\/p><p>Nessun utilizzo di<br \/>Il logo di MCA IN\u017dENIRING, MATJA\u017d \u010cERNO\u0160A, s.p. o altre opere d'arte saranno consentite per il collegamento in assenza di un accordo di licenza del marchio.<\/p><p><strong>iFrames<\/strong><\/p><p>Senza previa approvazione e autorizzazione scritta, non \u00e8 possibile creare cornici intorno alle nostre pagine web che alterino in qualsiasi modo la presentazione visiva o l'aspetto del nostro sito web.<\/p><p><strong>Responsabilit\u00e0 del contenuto<\/strong><\/p><p>Non ci riterremo responsabili di alcun contenuto che appaia sul vostro sito web. L'utente si impegna a proteggerci e a difenderci da qualsiasi reclamo che venga sollevato sul suo sito web. Nessun link deve apparire su alcun sito web che possa essere interpretato come diffamatorio, osceno o criminale, o che infranga, violi in altro modo, o sostenga l'infrazione o altra violazione di diritti di terzi.<\/p><p><strong>Riserva di diritti<\/strong><\/p><p>Ci riserviamo il diritto di richiedere la rimozione di tutti i link o di un particolare link al nostro sito web. L'utente si impegna a rimuovere immediatamente tutti i link al nostro sito web su richiesta. Ci riserviamo inoltre il diritto di modificare i presenti termini e condizioni e la relativa politica di collegamento in qualsiasi momento. Collegandovi continuamente al nostro sito web, accettate di essere vincolati e di seguire questi termini e condizioni di collegamento.<\/p><p><strong>Rimozione di link dal nostro sito web<\/strong><\/p><p>Se sul nostro sito web trovate un link offensivo per qualsiasi motivo, siete liberi di contattarci e informarci in qualsiasi momento. Prenderemo in considerazione le richieste di rimozione dei link, ma non siamo obbligati a farlo o a rispondere direttamente all'utente.<\/p><p>Non assicuriamo che le informazioni contenute nel sito siano corrette, non ne garantiamo la completezza o l'accuratezza, n\u00e9 promettiamo di garantire che il sito rimanga disponibile o che il materiale contenuto nel sito sia aggiornato.<\/p><p><strong>Dichiarazione di non responsabilit\u00e0<\/strong><br \/>Nella misura massima consentita dalla legge applicabile, escludiamo tutte le dichiarazioni, garanzie e condizioni relative al nostro sito web e all'uso di questo sito web. Nulla di quanto contenuto nella presente clausola di esclusione della responsabilit\u00e0:<\/p><p>limitare o escludere la nostra o la vostra responsabilit\u00e0 per morte o lesioni personali;<br \/>limitare o escludere la nostra o la vostra responsabilit\u00e0 per frode o falsa dichiarazione fraudolenta;<br \/>limitare una qualsiasi delle nostre o vostre responsabilit\u00e0 in un modo che non sia consentito dalla legge applicabile; oppure<br \/>escludere qualsiasi nostra o vostra responsabilit\u00e0 che non possa essere esclusa ai sensi della legge applicabile.<br \/>Le limitazioni e i divieti di responsabilit\u00e0 indicati in questa sezione e in altri punti della presente clausola di esclusione della responsabilit\u00e0: (a) sono soggetti al paragrafo precedente; e (b) disciplinano tutte le responsabilit\u00e0 derivanti dalla clausola di esclusione della responsabilit\u00e0, comprese le responsabilit\u00e0 derivanti da contratto, da illecito e da violazione di obblighi di legge.<br \/>Finch\u00e9 il sito web e le informazioni e i servizi presenti sul sito web sono forniti gratuitamente, non saremo responsabili di eventuali perdite o danni di qualsiasi natura.<\/p><p><strong>Risoluzione extragiudiziale delle controversie dei consumatori<\/strong><\/p><p>L'azienda<br \/>MCA IN\u017dENIRING, MATJA\u017d \u010cERNO\u0160A, s.p. in conformit\u00e0 con le norme di legge non riconosce alcun esecutore della risoluzione extragiudiziale delle controversie dei consumatori come responsabile della risoluzione delle controversie dei consumatori che il consumatore potrebbe avviare in conformit\u00e0 con la Legge sulla risoluzione extragiudiziale delle controversie dei consumatori. La societ\u00e0<br \/>MCA IN\u017dENIRING, MATJA\u017d \u010cERNO\u0160A, s.p. in qualit\u00e0 di fornitore di beni e servizi pubblica sul proprio sito web un link elettronico alla piattaforma di risoluzione delle controversie online per i consumatori (ODRP). La piattaforma \u00e8 disponibile per i consumatori tramite il link elettronico http:\/\/ec.europa.eu\/odr. Il regolamento di cui sopra si basa sulla Legge sulla risoluzione extragiudiziale delle controversie in materia di consumo, sul Regolamento (UE) n. 524\/2013 del Parlamento europeo e del Consiglio relativo alla risoluzione online delle controversie in materia di consumo e che modifica il Regolamento (CE) n. 2016\/2004 e sulla Direttiva<\/p>\t\t\t\t\t\t<\/div>\n\t\t\t\t<\/div>\n\t\t\t\t\t<\/div>\n\t\t<\/div>\n\t\t\t\t\t\t\t<\/div>\n\t\t<\/section>\n\t\t\t\t\t\t\t<\/div>","protected":false},"excerpt":{"rendered":"<p>Terms and Conditions Welcome to https:\/\/en.mca-okna.si\/! These terms and conditions outline the rules and regulations for the use of MCA IN\u017dENIRING, MATJA\u017d \u010cERNO\u0160A, s.p.. Website, located at https:\/\/en.mca-okna.si\/. By accessing this website we assume you accept these terms and conditions. Do not continue to use https:\/\/en.mca-okna.si\/ if you do not agree to take all of [&hellip;]<\/p>","protected":false},"author":1,"featured_media":0,"parent":0,"menu_order":0,"comment_status":"closed","ping_status":"closed","template":"","meta":{"_seopress_robots_primary_cat":""},"_links":{"self":[{"href":"https:\/\/en.mca-okna.si\/it\/wp-json\/wp\/v2\/pages\/42"}],"collection":[{"href":"https:\/\/en.mca-okna.si\/it\/wp-json\/wp\/v2\/pages"}],"about":[{"href":"https:\/\/en.mca-okna.si\/it\/wp-json\/wp\/v2\/types\/page"}],"author":[{"embeddable":true,"href":"https:\/\/en.mca-okna.si\/it\/wp-json\/wp\/v2\/users\/1"}],"replies":[{"embeddable":true,"href":"https:\/\/en.mca-okna.si\/it\/wp-json\/wp\/v2\/comments?post=42"}],"version-history":[{"count":59,"href":"https:\/\/en.mca-okna.si\/it\/wp-json\/wp\/v2\/pages\/42\/revisions"}],"predecessor-version":[{"id":2038,"href":"https:\/\/en.mca-okna.si\/it\/wp-json\/wp\/v2\/pages\/42\/revisions\/2038"}],"wp:attachment":[{"href":"https:\/\/en.mca-okna.si\/it\/wp-json\/wp\/v2\/media?parent=42"}],"curies":[{"name":"wp","href":"https:\/\/api.w.org\/{rel}","templated":true}]}}